{"id":797,"date":"2020-11-10T07:40:19","date_gmt":"2020-11-10T13:40:19","guid":{"rendered":"https:\/\/gnius.utec.edu.sv\/?page_id=797"},"modified":"2023-12-06T12:04:26","modified_gmt":"2023-12-06T18:04:26","slug":"congreso","status":"publish","type":"page","link":"https:\/\/gnius.utec.edu.sv\/en\/congreso\/","title":{"rendered":"Congreso"},"content":{"rendered":"<div data-elementor-type=\"wp-page\" data-elementor-id=\"797\" class=\"elementor elementor-797\">\n\t\t\t\t\t\t<section class=\"elementor-section elementor-top-section elementor-element elementor-element-cfd143b elementor-section-stretched elementor-hidden-phone elementor-section-boxed elementor-section-height-default elementor-section-height-default\" data-id=\"cfd143b\" data-element_type=\"section\" data-settings=\"{&quot;stretch_section&quot;:&quot;section-stretched&quot;,&quot;background_background&quot;:&quot;classic&quot;}\">\n\t\t\t\t\t\t<div class=\"elementor-container elementor-column-gap-default\">\n\t\t\t\t\t<div class=\"elementor-column elementor-col-100 elementor-top-column elementor-element elementor-element-d9339ef\" data-id=\"d9339ef\" data-element_type=\"column\" data-settings=\"{&quot;background_background&quot;:&quot;classic&quot;}\">\n\t\t\t<div class=\"elementor-widget-wrap elementor-element-populated\">\n\t\t\t\t\t\t<div class=\"elementor-element elementor-element-1d82f61 elementor-widget elementor-widget-heading\" data-id=\"1d82f61\" data-element_type=\"widget\" data-widget_type=\"heading.default\">\n\t\t\t\t<div class=\"elementor-widget-container\">\n\t\t\t<h1 class=\"elementor-heading-title elementor-size-default\">INNOVATION LEARNING ENTREPRENEURSHIP 2020<\/h1>\t\t<\/div>\n\t\t\t\t<\/div>\n\t\t\t\t\t<\/div>\n\t\t<\/div>\n\t\t\t\t\t<\/div>\n\t\t<\/section>\n\t\t\t\t<section class=\"elementor-section elementor-top-section elementor-element elementor-element-3bd0e42 elementor-section-stretched elementor-hidden-desktop elementor-hidden-tablet elementor-section-boxed elementor-section-height-default elementor-section-height-default\" data-id=\"3bd0e42\" data-element_type=\"section\" data-settings=\"{&quot;stretch_section&quot;:&quot;section-stretched&quot;,&quot;background_background&quot;:&quot;classic&quot;}\">\n\t\t\t\t\t\t<div class=\"elementor-container elementor-column-gap-default\">\n\t\t\t\t\t<div class=\"elementor-column elementor-col-100 elementor-top-column elementor-element elementor-element-5d75a26\" data-id=\"5d75a26\" data-element_type=\"column\" data-settings=\"{&quot;background_background&quot;:&quot;classic&quot;}\">\n\t\t\t<div class=\"elementor-widget-wrap elementor-element-populated\">\n\t\t\t\t\t\t<div class=\"elementor-element elementor-element-25e4668 elementor-widget elementor-widget-heading\" data-id=\"25e4668\" data-element_type=\"widget\" data-widget_type=\"heading.default\">\n\t\t\t\t<div class=\"elementor-widget-container\">\n\t\t\t<h1 class=\"elementor-heading-title elementor-size-default\">INNOVATION LEARNING ENTREPRENEURSHIP 2020<\/h1>\t\t<\/div>\n\t\t\t\t<\/div>\n\t\t\t\t\t<\/div>\n\t\t<\/div>\n\t\t\t\t\t<\/div>\n\t\t<\/section>\n\t\t\t\t<section class=\"elementor-section elementor-top-section elementor-element elementor-element-7c547fd2 elementor-section-content-middle elementor-section-stretched elementor-section-boxed elementor-section-height-default elementor-section-height-default\" data-id=\"7c547fd2\" data-element_type=\"section\" data-settings=\"{&quot;background_background&quot;:&quot;classic&quot;,&quot;stretch_section&quot;:&quot;section-stretched&quot;}\">\n\t\t\t\t\t\t<div class=\"elementor-container elementor-column-gap-no\">\n\t\t\t\t\t<div class=\"elementor-column elementor-col-50 elementor-top-column elementor-element elementor-element-75872efb\" data-id=\"75872efb\" data-element_type=\"column\">\n\t\t\t<div class=\"elementor-widget-wrap elementor-element-populated\">\n\t\t\t\t\t\t<div class=\"elementor-element elementor-element-1972e019 elementor-widget-divider--view-line elementor-widget elementor-widget-divider\" data-id=\"1972e019\" data-element_type=\"widget\" data-widget_type=\"divider.default\">\n\t\t\t\t<div class=\"elementor-widget-container\">\n\t\t\t\t\t<div class=\"elementor-divider\">\n\t\t\t<span class=\"elementor-divider-separator\">\n\t\t\t\t\t\t<\/span>\n\t\t<\/div>\n\t\t\t\t<\/div>\n\t\t\t\t<\/div>\n\t\t\t\t<div class=\"elementor-element elementor-element-58cba82f elementor-widget elementor-widget-heading\" data-id=\"58cba82f\" data-element_type=\"widget\" data-widget_type=\"heading.default\">\n\t\t\t\t<div class=\"elementor-widget-container\">\n\t\t\t<h4 class=\"elementor-heading-title elementor-size-default\">ACERCA DEL EVENTO<\/h4>\t\t<\/div>\n\t\t\t\t<\/div>\n\t\t\t\t\t<\/div>\n\t\t<\/div>\n\t\t\t\t<div class=\"elementor-column elementor-col-50 elementor-top-column elementor-element elementor-element-5c3e3f4\" data-id=\"5c3e3f4\" data-element_type=\"column\">\n\t\t\t<div class=\"elementor-widget-wrap elementor-element-populated\">\n\t\t\t\t\t\t<div class=\"elementor-element elementor-element-4ee06b97 elementor-hidden-tablet elementor-hidden-phone elementor-widget elementor-widget-text-editor\" data-id=\"4ee06b97\" data-element_type=\"widget\" data-widget_type=\"text-editor.default\">\n\t\t\t\t<div class=\"elementor-widget-container\">\n\t\t\t\t\t\t\t<p>Congreso de Innovaci\u00f3n y Emprendimiento organizado por la Facultad de Inform\u00e1tica y Ciencias Aplicadas junto a la Oficina de Apoyo a la Innovaci\u00f3n G&#8217;nius, en el que profesionales de la Universidad de Manizales \u00abColombia\u00bb, Universidad de Galileo \u00abGuatemala\u00bb, la Empresa Conexi\u00f3n Israel y la Universidad Tecnol\u00f3gica de El Salvador,\u00a0 compartir\u00e1n sus conocimientos y experiencias en el marco del Congreso Internacional de Innovaci\u00f3n y Emprendimiento denominado \u201cInnovation Learning Entrepreneurship 2020\u201d.<\/p>\t\t\t\t\t\t<\/div>\n\t\t\t\t<\/div>\n\t\t\t\t<div class=\"elementor-element elementor-element-f10e665 elementor-hidden-desktop elementor-widget elementor-widget-text-editor\" data-id=\"f10e665\" data-element_type=\"widget\" data-widget_type=\"text-editor.default\">\n\t\t\t\t<div class=\"elementor-widget-container\">\n\t\t\t\t\t\t\t<p>Congreso de Innovaci\u00f3n y Emprendimiento organizado por la Facultad de Inform\u00e1tica y Ciencias Aplicadas junto a la Oficina de Apoyo a la Innovaci\u00f3n G&#8217;nius, en el que profesionales de la Universidad de Manizales \u00abColombia\u00bb, Universidad de Galileo \u00abGuatemala\u00bb, la Empresa Conexi\u00f3n Israel y la Universidad Tecnol\u00f3gica de El Salvador,\u00a0 compartir\u00e1n sus conocimientos y experiencias en el marco del Congreso Internacional de Innovaci\u00f3n y Emprendimiento denominado \u201cInnovation Learning Entrepreneurship 2020\u201d.<\/p>\t\t\t\t\t\t<\/div>\n\t\t\t\t<\/div>\n\t\t\t\t<section class=\"elementor-section elementor-inner-section elementor-element elementor-element-cf76743 elementor-section-height-min-height elementor-hidden-tablet elementor-hidden-phone elementor-section-boxed elementor-section-height-default\" data-id=\"cf76743\" data-element_type=\"section\">\n\t\t\t\t\t\t<div class=\"elementor-container elementor-column-gap-default\">\n\t\t\t\t\t<div class=\"elementor-column elementor-col-100 elementor-inner-column elementor-element elementor-element-427aeb7\" data-id=\"427aeb7\" data-element_type=\"column\">\n\t\t\t<div class=\"elementor-widget-wrap elementor-element-populated\">\n\t\t\t\t\t\t<div class=\"elementor-element elementor-element-2851a78 elementor-align-center elementor-widget elementor-widget-button\" data-id=\"2851a78\" data-element_type=\"widget\" data-widget_type=\"button.default\">\n\t\t\t\t<div class=\"elementor-widget-container\">\n\t\t\t\t\t<div class=\"elementor-button-wrapper\">\n\t\t\t<a class=\"elementor-button elementor-button-link elementor-size-md\" href=\"https:\/\/www.youtube.com\/playlist?list=PLT4ygdDBXWhWpoYwAvHN6eOO0DRSQxe35\" target=\"_blank\">\n\t\t\t\t\t\t<span class=\"elementor-button-content-wrapper\">\n\t\t\t\t\t\t<span class=\"elementor-button-icon\">\n\t\t\t\t<i aria-hidden=\"true\" class=\"fas fa-play\"><\/i>\t\t\t<\/span>\n\t\t\t\t\t\t\t\t\t<span class=\"elementor-button-text\">REPRODUCIR<\/span>\n\t\t\t\t\t<\/span>\n\t\t\t\t\t<\/a>\n\t\t<\/div>\n\t\t\t\t<\/div>\n\t\t\t\t<\/div>\n\t\t\t\t\t<\/div>\n\t\t<\/div>\n\t\t\t\t\t<\/div>\n\t\t<\/section>\n\t\t\t\t\t<\/div>\n\t\t<\/div>\n\t\t\t\t\t<\/div>\n\t\t<\/section>\n\t\t\t\t<section class=\"elementor-section elementor-top-section elementor-element elementor-element-f21bb2b elementor-section-full_width elementor-section-stretched elementor-section-height-default elementor-section-height-default\" data-id=\"f21bb2b\" data-element_type=\"section\" data-settings=\"{&quot;stretch_section&quot;:&quot;section-stretched&quot;,&quot;background_background&quot;:&quot;classic&quot;}\">\n\t\t\t\t\t\t<div class=\"elementor-container elementor-column-gap-default\">\n\t\t\t\t\t<div class=\"elementor-column elementor-col-100 elementor-top-column elementor-element elementor-element-241c294\" data-id=\"241c294\" data-element_type=\"column\">\n\t\t\t<div class=\"elementor-widget-wrap elementor-element-populated\">\n\t\t\t\t\t\t<div class=\"elementor-element elementor-element-a9236d3 elementor-widget elementor-widget-spacer\" data-id=\"a9236d3\" data-element_type=\"widget\" data-widget_type=\"spacer.default\">\n\t\t\t\t<div class=\"elementor-widget-container\">\n\t\t\t\t\t<div class=\"elementor-spacer\">\n\t\t\t<div class=\"elementor-spacer-inner\"><\/div>\n\t\t<\/div>\n\t\t\t\t<\/div>\n\t\t\t\t<\/div>\n\t\t\t\t<div class=\"elementor-element elementor-element-a9c2952 elementor-widget elementor-widget-heading\" data-id=\"a9c2952\" data-element_type=\"widget\" data-widget_type=\"heading.default\">\n\t\t\t\t<div class=\"elementor-widget-container\">\n\t\t\t<h2 class=\"elementor-heading-title elementor-size-default\">Aliados estrat\u00e9gicos <\/h2>\t\t<\/div>\n\t\t\t\t<\/div>\n\t\t\t\t<section class=\"elementor-section elementor-inner-section elementor-element elementor-element-1be9b14 elementor-section-boxed elementor-section-height-default elementor-section-height-default\" data-id=\"1be9b14\" data-element_type=\"section\">\n\t\t\t\t\t\t<div class=\"elementor-container elementor-column-gap-default\">\n\t\t\t\t\t<div class=\"elementor-column elementor-col-25 elementor-inner-column elementor-element elementor-element-c2ab4f9\" data-id=\"c2ab4f9\" data-element_type=\"column\">\n\t\t\t<div class=\"elementor-widget-wrap elementor-element-populated\">\n\t\t\t\t\t\t<div class=\"elementor-element elementor-element-e5078c1 elementor-widget elementor-widget-image\" data-id=\"e5078c1\" data-element_type=\"widget\" data-widget_type=\"image.default\">\n\t\t\t\t<div class=\"elementor-widget-container\">\n\t\t\t\t\t\t\t\t\t\t\t\t\t<img decoding=\"async\" src=\"https:\/\/gnius.utec.edu.sv\/wp-content\/uploads\/elementor\/thumbs\/logos-unidad-01-1-oydm73e9c3fqz3bkkp5jar17umarhwiinluo07ip58.png\" title=\"logos unidad-01\" alt=\"\" loading=\"lazy\" \/>\t\t\t\t\t\t\t\t\t\t\t\t\t<\/div>\n\t\t\t\t<\/div>\n\t\t\t\t\t<\/div>\n\t\t<\/div>\n\t\t\t\t<div class=\"elementor-column elementor-col-25 elementor-inner-column elementor-element elementor-element-34cd12e\" data-id=\"34cd12e\" data-element_type=\"column\">\n\t\t\t<div class=\"elementor-widget-wrap elementor-element-populated\">\n\t\t\t\t\t\t<div class=\"elementor-element elementor-element-2ed8038 elementor-widget elementor-widget-image\" data-id=\"2ed8038\" data-element_type=\"widget\" data-widget_type=\"image.default\">\n\t\t\t\t<div class=\"elementor-widget-container\">\n\t\t\t\t\t\t\t\t\t\t\t\t\t<img decoding=\"async\" src=\"https:\/\/gnius.utec.edu.sv\/wp-content\/uploads\/elementor\/thumbs\/proyeccion-social-04-oydm64m8b8451iq37s4c8ht5vd26l3og6tpp8yy9jg.png\" title=\"proyeccion social-04\" alt=\"\" loading=\"lazy\" \/>\t\t\t\t\t\t\t\t\t\t\t\t\t<\/div>\n\t\t\t\t<\/div>\n\t\t\t\t\t<\/div>\n\t\t<\/div>\n\t\t\t\t<div class=\"elementor-column elementor-col-25 elementor-inner-column elementor-element elementor-element-96d57a9\" data-id=\"96d57a9\" data-element_type=\"column\">\n\t\t\t<div class=\"elementor-widget-wrap elementor-element-populated\">\n\t\t\t\t\t\t<div class=\"elementor-element elementor-element-44c7e9e elementor-widget elementor-widget-image\" data-id=\"44c7e9e\" data-element_type=\"widget\" data-widget_type=\"image.default\">\n\t\t\t\t<div class=\"elementor-widget-container\">\n\t\t\t\t\t\t\t\t\t\t\t\t\t<img decoding=\"async\" src=\"https:\/\/gnius.utec.edu.sv\/wp-content\/uploads\/elementor\/thumbs\/logos-unidad-02-oydm7vlg8zafzfxrtb01dd9eh7kvt1nh36ppc4x4kc.png\" title=\"logos unidad-02\" alt=\"\" loading=\"lazy\" \/>\t\t\t\t\t\t\t\t\t\t\t\t\t<\/div>\n\t\t\t\t<\/div>\n\t\t\t\t\t<\/div>\n\t\t<\/div>\n\t\t\t\t<div class=\"elementor-column elementor-col-25 elementor-inner-column elementor-element elementor-element-8364e59\" data-id=\"8364e59\" data-element_type=\"column\">\n\t\t\t<div class=\"elementor-widget-wrap elementor-element-populated\">\n\t\t\t\t\t\t<div class=\"elementor-element elementor-element-b849416 elementor-widget elementor-widget-image\" data-id=\"b849416\" data-element_type=\"widget\" data-widget_type=\"image.default\">\n\t\t\t\t<div class=\"elementor-widget-container\">\n\t\t\t\t\t\t\t\t\t\t\t\t\t<img decoding=\"async\" width=\"230\" height=\"67\" src=\"https:\/\/gnius.utec.edu.sv\/wp-content\/uploads\/2020\/11\/conexion_israel_horizontal-02__1_-230x67.png\" class=\"attachment-sydney-small-thumb size-sydney-small-thumb wp-image-959\" alt=\"\" srcset=\"https:\/\/gnius.utec.edu.sv\/wp-content\/uploads\/2020\/11\/conexion_israel_horizontal-02__1_-230x67.png 230w, https:\/\/gnius.utec.edu.sv\/wp-content\/uploads\/2020\/11\/conexion_israel_horizontal-02__1_-300x88.png 300w, https:\/\/gnius.utec.edu.sv\/wp-content\/uploads\/2020\/11\/conexion_israel_horizontal-02__1_-1024x299.png 1024w, https:\/\/gnius.utec.edu.sv\/wp-content\/uploads\/2020\/11\/conexion_israel_horizontal-02__1_-768x225.png 768w, https:\/\/gnius.utec.edu.sv\/wp-content\/uploads\/2020\/11\/conexion_israel_horizontal-02__1_-1536x449.png 1536w, https:\/\/gnius.utec.edu.sv\/wp-content\/uploads\/2020\/11\/conexion_israel_horizontal-02__1_-2048x599.png 2048w, https:\/\/gnius.utec.edu.sv\/wp-content\/uploads\/2020\/11\/conexion_israel_horizontal-02__1_-830x243.png 830w, https:\/\/gnius.utec.edu.sv\/wp-content\/uploads\/2020\/11\/conexion_israel_horizontal-02__1_-350x102.png 350w, https:\/\/gnius.utec.edu.sv\/wp-content\/uploads\/2020\/11\/conexion_israel_horizontal-02__1_-480x140.png 480w\" sizes=\"(max-width: 230px) 100vw, 230px\" \/>\t\t\t\t\t\t\t\t\t\t\t\t\t<\/div>\n\t\t\t\t<\/div>\n\t\t\t\t\t<\/div>\n\t\t<\/div>\n\t\t\t\t\t<\/div>\n\t\t<\/section>\n\t\t\t\t<section class=\"elementor-section elementor-inner-section elementor-element elementor-element-6c5a8c4 elementor-section-boxed elementor-section-height-default elementor-section-height-default\" data-id=\"6c5a8c4\" data-element_type=\"section\">\n\t\t\t\t\t\t<div class=\"elementor-container elementor-column-gap-default\">\n\t\t\t\t\t<div class=\"elementor-column elementor-col-33 elementor-inner-column elementor-element elementor-element-ffb5f3c\" data-id=\"ffb5f3c\" data-element_type=\"column\">\n\t\t\t<div class=\"elementor-widget-wrap elementor-element-populated\">\n\t\t\t\t\t\t<div class=\"elementor-element elementor-element-12d80be elementor-widget elementor-widget-image\" data-id=\"12d80be\" data-element_type=\"widget\" data-widget_type=\"image.default\">\n\t\t\t\t<div class=\"elementor-widget-container\">\n\t\t\t\t\t\t\t\t\t\t\t\t\t<img decoding=\"async\" src=\"https:\/\/gnius.utec.edu.sv\/wp-content\/uploads\/elementor\/thumbs\/Logo-galileo-oydmbk4nb819ivb1665ineip1ygaq15g6c4et9czhc.png\" title=\"Logo galileo\" alt=\"\" loading=\"lazy\" \/>\t\t\t\t\t\t\t\t\t\t\t\t\t<\/div>\n\t\t\t\t<\/div>\n\t\t\t\t\t<\/div>\n\t\t<\/div>\n\t\t\t\t<div class=\"elementor-column elementor-col-33 elementor-inner-column elementor-element elementor-element-766b51d\" data-id=\"766b51d\" data-element_type=\"column\">\n\t\t\t<div class=\"elementor-widget-wrap elementor-element-populated\">\n\t\t\t\t\t\t<div class=\"elementor-element elementor-element-cf3be9f elementor-widget elementor-widget-image\" data-id=\"cf3be9f\" data-element_type=\"widget\" data-widget_type=\"image.default\">\n\t\t\t\t<div class=\"elementor-widget-container\">\n\t\t\t\t\t\t\t\t\t\t\t\t\t<img decoding=\"async\" src=\"https:\/\/gnius.utec.edu.sv\/wp-content\/uploads\/elementor\/thumbs\/LOGO-UTEC-05-e1631280809193-pcwtcrt2kv0b0pn6rris5x70fqhhwsotkrp3ojdt80.png\" title=\"LOGO UTEC-05\" alt=\"\" loading=\"lazy\" \/>\t\t\t\t\t\t\t\t\t\t\t\t\t<\/div>\n\t\t\t\t<\/div>\n\t\t\t\t\t<\/div>\n\t\t<\/div>\n\t\t\t\t<div class=\"elementor-column elementor-col-33 elementor-inner-column elementor-element elementor-element-fb5296a\" data-id=\"fb5296a\" data-element_type=\"column\">\n\t\t\t<div class=\"elementor-widget-wrap elementor-element-populated\">\n\t\t\t\t\t\t<div class=\"elementor-element elementor-element-8a33107 elementor-widget elementor-widget-image\" data-id=\"8a33107\" data-element_type=\"widget\" data-widget_type=\"image.default\">\n\t\t\t\t<div class=\"elementor-widget-container\">\n\t\t\t\t\t\t\t\t\t\t\t\t\t<img decoding=\"async\" src=\"https:\/\/gnius.utec.edu.sv\/wp-content\/uploads\/elementor\/thumbs\/gnius-oydmxhp3r52w7kj3kkm1ouartjxy7paddtrfx246jw.png\" title=\"gnius\" alt=\"\" loading=\"lazy\" \/>\t\t\t\t\t\t\t\t\t\t\t\t\t<\/div>\n\t\t\t\t<\/div>\n\t\t\t\t\t<\/div>\n\t\t<\/div>\n\t\t\t\t\t<\/div>\n\t\t<\/section>\n\t\t\t\t\t<\/div>\n\t\t<\/div>\n\t\t\t\t\t<\/div>\n\t\t<\/section>\n\t\t\t\t<\/div>","protected":false},"excerpt":{"rendered":"<p>INNOVATION LEARNING ENTREPRENEURSHIP 2020 INNOVATION LEARNING ENTREPRENEURSHIP 2020 ACERCA DEL EVENTO Congreso de Innovaci\u00f3n y Emprendimiento organizado por la [&hellip;]<\/p>","protected":false},"author":2,"featured_media":0,"parent":0,"menu_order":0,"comment_status":"closed","ping_status":"closed","template":"elementor_header_footer","meta":{"footnotes":""},"class_list":["post-797","page","type-page","status-publish","hentry"],"_links":{"self":[{"href":"https:\/\/gnius.utec.edu.sv\/en\/wp-json\/wp\/v2\/pages\/797"}],"collection":[{"href":"https:\/\/gnius.utec.edu.sv\/en\/wp-json\/wp\/v2\/pages"}],"about":[{"href":"https:\/\/gnius.utec.edu.sv\/en\/wp-json\/wp\/v2\/types\/page"}],"author":[{"embeddable":true,"href":"https:\/\/gnius.utec.edu.sv\/en\/wp-json\/wp\/v2\/users\/2"}],"replies":[{"embeddable":true,"href":"https:\/\/gnius.utec.edu.sv\/en\/wp-json\/wp\/v2\/comments?post=797"}],"version-history":[{"count":146,"href":"https:\/\/gnius.utec.edu.sv\/en\/wp-json\/wp\/v2\/pages\/797\/revisions"}],"predecessor-version":[{"id":7177,"href":"https:\/\/gnius.utec.edu.sv\/en\/wp-json\/wp\/v2\/pages\/797\/revisions\/7177"}],"wp:attachment":[{"href":"https:\/\/gnius.utec.edu.sv\/en\/wp-json\/wp\/v2\/media?parent=797"}],"curies":[{"name":"wp","href":"https:\/\/api.w.org\/{rel}","templated":true}]}}